{"id":837,"date":"2014-08-04T12:15:38","date_gmt":"2014-08-04T10:15:38","guid":{"rendered":"http:\/\/www.led-institut.de\/?page_id=837"},"modified":"2016-08-31T12:31:07","modified_gmt":"2016-08-31T10:31:07","slug":"projekte","status":"publish","type":"page","link":"https:\/\/www.led-institut.de\/en\/das-institut\/projekte","title":{"rendered":"Projekte"},"content":{"rendered":"<p style=\"text-align: left;\"><span style=\"font-family: arial, helvetica, sans-serif;\">Insbesondere m\u00f6chten wir Sie auf unsere Gro\u00dfprojekte aufmerksam machen:<\/span><span style=\"font-family: arial, helvetica, sans-serif;\"><br>\n<img loading=\"lazy\" decoding=\"async\" class=\"\" src=\"https:\/\/upload.wikimedia.org\/wikipedia\/commons\/thumb\/c\/c0\/Basel_-_Roche_Tower_-_19._April_2015.jpg\/1024px-Basel_-_Roche_Tower_-_19._April_2015.jpg\" width=\"183\" height=\"152\" \/><img loading=\"lazy\" decoding=\"async\" class=\"alignright\" src=\"http:\/\/www.regent.ch\/typo3temp\/pics\/b34602439c.jpg\" width=\"245\" height=\"152\"><strong><span style=\"font-family: arial, helvetica, sans-serif;\">Hoffmann-La Roche<\/span><\/strong><\/span><\/p>\n<p style=\"text-align: justify;\">F\u00fcr die Ausstattung mit 10.000 LED Leuchten des Hochhauses von Hoffmann-La Roche von den Architekten Herzog &amp; de Meuron wurden in einer technischen \u00dcberpr\u00fcfung durch das led Institut potentielle Produkte ausgew\u00e4hlt. Nach der Leitung des technischen Vergabegespr\u00e4chs\u00a0kam es auch hier zu einer Entscheidung auf Basis unserer Analyse un Bewertung.<\/p>\n<p><img loading=\"lazy\" decoding=\"async\" class=\"alignleft wp-image-1974 \" src=\"http:\/\/www.led-institut.de\/wp-content\/uploads\/KZA_ALDI-300x178.png\" alt=\"KZA_ALDI\" width=\"233\" height=\"138\" srcset=\"https:\/\/www.led-institut.de\/wp-content\/uploads\/KZA_ALDI-300x178.png 300w, https:\/\/www.led-institut.de\/wp-content\/uploads\/KZA_ALDI-768x455.png 768w, https:\/\/www.led-institut.de\/wp-content\/uploads\/KZA_ALDI-1024x607.png 1024w, https:\/\/www.led-institut.de\/wp-content\/uploads\/KZA_ALDI.png 1195w\" sizes=\"(max-width: 233px) 100vw, 233px\" \/><img loading=\"lazy\" decoding=\"async\" class=\"wp-image-1972 alignright\" src=\"http:\/\/www.led-institut.de\/wp-content\/uploads\/Aldi-e1472565036398.png\" alt=\"Aldi\" width=\"196\" height=\"138\"><\/p>\n<p>&nbsp;<\/p>\n<p>&nbsp;<\/p>\n<p>&nbsp;<\/p>\n<p><strong><span style=\"font-family: arial, helvetica, sans-serif;\">ALDI Logistikzentrum<\/span><\/strong><strong>\u00a0<\/strong><\/p>\n<p><img loading=\"lazy\" decoding=\"async\" class=\"alignleft wp-image-2014 \" src=\"http:\/\/www.led-institut.de\/wp-content\/uploads\/2-300x181.png\" alt=\"2\" width=\"219\" height=\"132\"><\/p>\n<p><img loading=\"lazy\" decoding=\"async\" class=\"wp-image-2015 alignright\" src=\"http:\/\/www.led-institut.de\/wp-content\/uploads\/1-300x188.png\" alt=\"1\" width=\"210\" height=\"132\"><\/p>\n<p>&nbsp;<\/p>\n<p>&nbsp;<\/p>\n<p>&nbsp;<\/p>\n<p><strong><span style=\"font-family: arial, helvetica, sans-serif;\">BMW Entwicklungszentrum<\/span><\/strong><strong>\u00a0<\/strong><\/p>\n<p style=\"text-align: justify;\">Neue Beleuchtungsl\u00f6sung erfordern detaillierte Pr\u00fcfung und Vergleichbarkeit der LED Produkte,\u00a0insbesondere bei Sonderleuchten.\u00a0Ob dies auch bei den angebotenen Leuchten f\u00fcr das BMW Entwicklungszentrum (FIZ) mit HENN Architekten\u00a0 umgesetzt werden konnte, wurde durch unsere technische Bewertung verifiziert.<\/p>\n<p>&nbsp;<\/p>\n","protected":false},"excerpt":{"rendered":"<p>Insbesondere m\u00f6chten wir Sie auf unsere Gro\u00dfprojekte aufmerksam machen: Hoffmann-La Roche F\u00fcr die Ausstattung mit 10.000 LED Leuchten des Hochhauses von Hoffmann-La Roche von den Architekten Herzog &amp; de Meuron wurden in einer technischen \u00dcberpr\u00fcfung durch das led Institut potentielle Produkte ausgew\u00e4hlt. Nach der Leitung des technischen Vergabegespr\u00e4chs\u00a0kam es auch hier zu einer Entscheidung auf [&hellip;]<\/p>\n","protected":false},"author":2,"featured_media":0,"parent":10,"menu_order":4,"comment_status":"open","ping_status":"open","template":"","meta":{"_monsterinsights_skip_tracking":false,"_monsterinsights_sitenote_active":false,"_monsterinsights_sitenote_note":"","_monsterinsights_sitenote_category":0,"footnotes":""},"class_list":["post-837","page","type-page","status-publish","hentry"],"publishpress_future_action":{"enabled":false,"date":"2026-04-28 11:20:48","action":"change-status","newStatus":"draft","terms":[],"taxonomy":""},"publishpress_future_workflow_manual_trigger":{"enabledWorkflows":[]},"_links":{"self":[{"href":"https:\/\/www.led-institut.de\/en\/wp-json\/wp\/v2\/pages\/837"}],"collection":[{"href":"https:\/\/www.led-institut.de\/en\/wp-json\/wp\/v2\/pages"}],"about":[{"href":"https:\/\/www.led-institut.de\/en\/wp-json\/wp\/v2\/types\/page"}],"author":[{"embeddable":true,"href":"https:\/\/www.led-institut.de\/en\/wp-json\/wp\/v2\/users\/2"}],"replies":[{"embeddable":true,"href":"https:\/\/www.led-institut.de\/en\/wp-json\/wp\/v2\/comments?post=837"}],"version-history":[{"count":109,"href":"https:\/\/www.led-institut.de\/en\/wp-json\/wp\/v2\/pages\/837\/revisions"}],"predecessor-version":[{"id":2041,"href":"https:\/\/www.led-institut.de\/en\/wp-json\/wp\/v2\/pages\/837\/revisions\/2041"}],"up":[{"embeddable":true,"href":"https:\/\/www.led-institut.de\/en\/wp-json\/wp\/v2\/pages\/10"}],"wp:attachment":[{"href":"https:\/\/www.led-institut.de\/en\/wp-json\/wp\/v2\/media?parent=837"}],"curies":[{"name":"wp","href":"https:\/\/api.w.org\/{rel}","templated":true}]}}