{"id":4,"date":"2011-12-19T09:23:42","date_gmt":"2011-12-19T08:23:42","guid":{"rendered":"http:\/\/localhost\/led\/?page_id=4"},"modified":"2014-09-23T15:58:30","modified_gmt":"2014-09-23T13:58:30","slug":"zur-person-dr-uwe-slabke","status":"publish","type":"page","link":"https:\/\/www.led-institut.de\/en\/das-institut\/zur-person-dr-uwe-slabke","title":{"rendered":"Institutsleitung"},"content":{"rendered":"<p style=\"text-align: justify;\"><span style=\"font-family: arial, helvetica, sans-serif;\"><strong>Dr. Uwe Slabke<\/strong> war \u00fcber acht Jahre in der LED Industrie t\u00e4tig und kann eine fundierte Ausbildung in den Bereichen Elektrotechnik (Dr.-Ing.), Lichttechnik und Architektur sowie eine Planerische Ausbildung (Lichtdesign GmbH K\u00f6ln) aufweisen.<\/span><\/p>\n<p style=\"text-align: justify;\"><span style=\"font-family: arial, helvetica, sans-serif;\">Die berufliche Laufbahn von Dr. Slabke setzt sich aus folgenden Stationen zusammen:<\/span><\/p>\n<p style=\"text-align: left;\"><span style=\"font-family: arial, helvetica, sans-serif;\">_\u00a0F\u00fchrungspositionen in Industrieunternehmen<\/span><br>\n<span style=\"font-family: arial, helvetica, sans-serif;\"> _\u00a0Referent bei Tagungen, Schulungen und Seminaren in LED-Technologie<\/span><br>\n<span style=\"font-family: arial, helvetica, sans-serif;\"> _\u00a0VDI-Referent: Kompaktwissen LEDs in der Beleuchtung<\/span><br>\n<span style=\"font-family: arial, helvetica, sans-serif;\"> _\u00a0Ehemaliger Entwicklungsleiter der Nimbus Group \/ LED-Leuchtenhersteller<\/span><br>\n<span style=\"font-family: arial, helvetica, sans-serif;\"> _\u00a0Stellvertretender technischer Leiter der Adolf Schuch GmbH, Worms<\/span><br>\n<span style=\"font-family: arial, helvetica, sans-serif;\"> _\u00a0Entwicklungsingenieur der Siteco Beleuchtungstechnik GmbH, Traunreut<\/span><br>\n<span style=\"font-family: arial, helvetica, sans-serif;\"> _\u00a0Sprecher der Leuchten-Industrie im LED Performance Quality Forschungsthema (PQL)<\/span><\/p>\n<p style=\"text-align: justify;\"><span style=\"font-family: arial, helvetica, sans-serif;\">Aufgrund des Fachwissens und der entsprechenden Kontakte konnte Dr. Slabke durch die Mitarbeit in Verb\u00e4nden und bei gro\u00dfen Forschungsprojekten ma\u00dfgeblichen Einfluss auf die LED-Technologie nehmen. Beispielhaft sind folgende Gebiete zu nennen:<\/span><\/p>\n<p style=\"text-align: justify;\"><span style=\"font-family: arial, helvetica, sans-serif;\">ZVEI \u2013 2. Vorsitzender Basistechnologie<\/span><br>\n<span style=\"font-family: arial, helvetica, sans-serif;\"> ZVEI \u2013 Mitglied des Lenkungsausschuss Technik<\/span><br>\n<span style=\"font-family: arial, helvetica, sans-serif;\"> Promotion Lichttechnik<\/span><br>\n<span style=\"font-family: arial, helvetica, sans-serif;\"> LiTG \u2013 1. Bezirksvorsitzender<\/span><br>\n<span style=\"font-family: arial, helvetica, sans-serif;\"> Wissenschaftlicher Mitarbeiter an der RWTH Aachen (Fakult\u00e4t Architektur)<\/span><br>\n<span style=\"font-family: arial, helvetica, sans-serif;\"> Wissenschaftlicher Mitarbeiter an der TU Ilmenau (Fachgebiet: Lichttechnik)<\/span><\/p>\n<p><span style=\"font-family: arial, helvetica, sans-serif;\">\u00a0<\/span><\/p>\n<p><span style=\"font-family: arial, helvetica, sans-serif;\">\u00a0<\/span><\/p>\n","protected":false},"excerpt":{"rendered":"<p>Dr. Uwe Slabke war \u00fcber acht Jahre in der LED Industrie t\u00e4tig und kann eine fundierte Ausbildung in den Bereichen Elektrotechnik (Dr.-Ing.), Lichttechnik und Architektur sowie eine Planerische Ausbildung (Lichtdesign GmbH K\u00f6ln) aufweisen. Die berufliche Laufbahn von Dr. Slabke setzt sich aus folgenden Stationen zusammen: _\u00a0F\u00fchrungspositionen in Industrieunternehmen _\u00a0Referent bei Tagungen, Schulungen und Seminaren in [&hellip;]<\/p>\n","protected":false},"author":1,"featured_media":179,"parent":10,"menu_order":2,"comment_status":"open","ping_status":"closed","template":"","meta":{"_monsterinsights_skip_tracking":false,"_monsterinsights_sitenote_active":false,"_monsterinsights_sitenote_note":"","_monsterinsights_sitenote_category":0,"footnotes":""},"class_list":["post-4","page","type-page","status-publish","has-post-thumbnail","hentry"],"publishpress_future_action":{"enabled":false,"date":"2026-04-22 00:52:05","action":"change-status","newStatus":"draft","terms":[],"taxonomy":""},"publishpress_future_workflow_manual_trigger":{"enabledWorkflows":[]},"_links":{"self":[{"href":"https:\/\/www.led-institut.de\/en\/wp-json\/wp\/v2\/pages\/4"}],"collection":[{"href":"https:\/\/www.led-institut.de\/en\/wp-json\/wp\/v2\/pages"}],"about":[{"href":"https:\/\/www.led-institut.de\/en\/wp-json\/wp\/v2\/types\/page"}],"author":[{"embeddable":true,"href":"https:\/\/www.led-institut.de\/en\/wp-json\/wp\/v2\/users\/1"}],"replies":[{"embeddable":true,"href":"https:\/\/www.led-institut.de\/en\/wp-json\/wp\/v2\/comments?post=4"}],"version-history":[{"count":30,"href":"https:\/\/www.led-institut.de\/en\/wp-json\/wp\/v2\/pages\/4\/revisions"}],"predecessor-version":[{"id":1268,"href":"https:\/\/www.led-institut.de\/en\/wp-json\/wp\/v2\/pages\/4\/revisions\/1268"}],"up":[{"embeddable":true,"href":"https:\/\/www.led-institut.de\/en\/wp-json\/wp\/v2\/pages\/10"}],"wp:featuredmedia":[{"embeddable":true,"href":"https:\/\/www.led-institut.de\/en\/wp-json\/wp\/v2\/media\/179"}],"wp:attachment":[{"href":"https:\/\/www.led-institut.de\/en\/wp-json\/wp\/v2\/media?parent=4"}],"curies":[{"name":"wp","href":"https:\/\/api.w.org\/{rel}","templated":true}]}}