{"id":24,"date":"2011-12-19T11:02:56","date_gmt":"2011-12-19T10:02:56","guid":{"rendered":"http:\/\/localhost\/led\/?page_id=24"},"modified":"2014-09-23T15:57:59","modified_gmt":"2014-09-23T13:57:59","slug":"unsere-kompetenzen","status":"publish","type":"page","link":"https:\/\/www.led-institut.de\/en\/das-institut\/unsere-kompetenzen","title":{"rendered":"Kompetenzen"},"content":{"rendered":"<p style=\"text-align: justify;\"><span style=\"font-family: arial, helvetica, sans-serif;\">Das LED Institut Dr. Slabke ist die einzige unabh\u00e4ngige Beratungs- und Forschungseinrichtung in der Allgemeinbeleuchtung, die die gesamte Wertsch\u00f6pfungskette der LED Leuchte auf h\u00f6chstem Niveau beherrscht.<\/span><\/p>\n<p style=\"text-align: justify;\"><span style=\"font-family: arial, helvetica, sans-serif;\">Hierzu geh\u00f6rt ein tiefes Verst\u00e4ndnis der grundlegenden physikalischen Eigenschaften des Packages und der Leuchte, sowie die F\u00e4higkeit diese innovativen Bauelemente, Schaltungen und Lightengines zu bewerten. Das Institut bietet die M\u00f6glichkeit den thermischen Pfad, die elektrische Konzeption und die Lichttechnik zu charakterisieren, zu bewerten und zu optimieren. Wir bietet Ihnen umfangreiche Informationen und Unterst\u00fctzung rund um das Thema LED. Das LED Institut kann auf die langj\u00e4hrige Erfahrung, Mitarbeit in bedeutenden Verb\u00e4nden (ZVEI, LiTG, PLDA) und Projekte des Institutsdirektors Dr. Uwe Slabke zur\u00fcckgreifen.<\/span><\/p>\n<p style=\"text-align: justify;\"><span style=\"font-family: arial, helvetica, sans-serif;\">Des Weiteren k\u00f6nnen Sie als Architekten, Beh\u00f6rden und Planer mit Beratung und Schulung rund um das Thema Lichtplanung mit LEDs rechnen. Den umfassende Bereich der Planung von Beleuchtungsanlagen, Amortisation, Unterschiede zu konventionelle Leuchten, Wartungskosten, ROI deckt das LED Institut komplett ab.<\/span><\/p>\n<p style=\"text-align: justify;\"><span style=\"font-family: arial, helvetica, sans-serif;\">Das LED Institut hat Bereiche der Ausbildung und Pr\u00e4sentation der LED Technologie, ein schwarzes und wei\u00dfes Labor f\u00fcr die lichttechnische Bewertung und Messung sowie elektrotechnische und thermische Laborausstattungen. Auf den\u00a0 Ausstellungsfl\u00e4chen wird die M\u00f6glichkeit geboten, sich detaillierter mit den M\u00f6glichkeiten der LED Technik zu besch\u00e4ftigen, zu testen und zu pr\u00fcfen.<\/span><\/p>\n<p><span style=\"font-family: arial, helvetica, sans-serif;\">Sie k\u00f6nnen sich unter\u00a0<a title=\"wir sind gerne f\u00fcr Sie da\" href=\"http:\/\/www.led-institut.de\/kontakt\">KONTAKT<\/a> mit uns in Verbindung setzen.<\/span><\/p>\n<p><span style=\"font-family: arial, helvetica, sans-serif;\">\u00a0<\/span><\/p>\n<p><span style=\"font-family: arial, helvetica, sans-serif;\">\u00a0<\/span><\/p>\n","protected":false},"excerpt":{"rendered":"<p>Das LED Institut Dr. Slabke ist die einzige unabh\u00e4ngige Beratungs- und Forschungseinrichtung in der Allgemeinbeleuchtung, die die gesamte Wertsch\u00f6pfungskette der LED Leuchte auf h\u00f6chstem Niveau beherrscht. Hierzu geh\u00f6rt ein tiefes Verst\u00e4ndnis der grundlegenden physikalischen Eigenschaften des Packages und der Leuchte, sowie die F\u00e4higkeit diese innovativen Bauelemente, Schaltungen und Lightengines zu bewerten. Das Institut bietet die [&hellip;]<\/p>\n","protected":false},"author":1,"featured_media":0,"parent":10,"menu_order":1,"comment_status":"open","ping_status":"closed","template":"","meta":{"_monsterinsights_skip_tracking":false,"_monsterinsights_sitenote_active":false,"_monsterinsights_sitenote_note":"","_monsterinsights_sitenote_category":0,"footnotes":""},"class_list":["post-24","page","type-page","status-publish","hentry"],"publishpress_future_action":{"enabled":false,"date":"2026-04-30 07:02:27","action":"change-status","newStatus":"draft","terms":[],"taxonomy":""},"publishpress_future_workflow_manual_trigger":{"enabledWorkflows":[]},"_links":{"self":[{"href":"https:\/\/www.led-institut.de\/en\/wp-json\/wp\/v2\/pages\/24"}],"collection":[{"href":"https:\/\/www.led-institut.de\/en\/wp-json\/wp\/v2\/pages"}],"about":[{"href":"https:\/\/www.led-institut.de\/en\/wp-json\/wp\/v2\/types\/page"}],"author":[{"embeddable":true,"href":"https:\/\/www.led-institut.de\/en\/wp-json\/wp\/v2\/users\/1"}],"replies":[{"embeddable":true,"href":"https:\/\/www.led-institut.de\/en\/wp-json\/wp\/v2\/comments?post=24"}],"version-history":[{"count":27,"href":"https:\/\/www.led-institut.de\/en\/wp-json\/wp\/v2\/pages\/24\/revisions"}],"predecessor-version":[{"id":1246,"href":"https:\/\/www.led-institut.de\/en\/wp-json\/wp\/v2\/pages\/24\/revisions\/1246"}],"up":[{"embeddable":true,"href":"https:\/\/www.led-institut.de\/en\/wp-json\/wp\/v2\/pages\/10"}],"wp:attachment":[{"href":"https:\/\/www.led-institut.de\/en\/wp-json\/wp\/v2\/media?parent=24"}],"curies":[{"name":"wp","href":"https:\/\/api.w.org\/{rel}","templated":true}]}}